{"id":854,"date":"2024-08-26T17:32:19","date_gmt":"2024-08-26T17:32:19","guid":{"rendered":"https:\/\/ahorramasgas.com\/?page_id=854"},"modified":"2024-10-31T21:16:24","modified_gmt":"2024-10-31T21:16:24","slug":"mantenimiento","status":"publish","type":"page","link":"https:\/\/ahorramasgas.com\/index.php\/mantenimiento\/","title":{"rendered":"Mantenimiento"},"content":{"rendered":"\t\t<div data-elementor-type=\"wp-page\" data-elementor-id=\"854\" class=\"elementor elementor-854\" data-elementor-settings=\"{&quot;ha_cmc_init_switcher&quot;:&quot;no&quot;}\" data-elementor-post-type=\"page\">\n\t\t\t\t<div class=\"elementor-element elementor-element-7d93cc8 e-flex e-con-boxed e-con e-parent\" data-id=\"7d93cc8\" data-element_type=\"container\" data-e-type=\"container\" data-settings=\"{&quot;_ha_eqh_enable&quot;:false}\">\n\t\t\t\t\t<div class=\"e-con-inner\">\n\t\t\t\t<div class=\"elementor-element elementor-element-cd6e547 elementor-widget elementor-widget-spacer\" data-id=\"cd6e547\" data-element_type=\"widget\" data-e-type=\"widget\" data-widget_type=\"spacer.default\">\n\t\t\t\t<div class=\"elementor-widget-container\">\n\t\t\t\t\t\t\t<div class=\"elementor-spacer\">\n\t\t\t<div class=\"elementor-spacer-inner\"><\/div>\n\t\t<\/div>\n\t\t\t\t\t\t<\/div>\n\t\t\t\t<\/div>\n\t\t\t\t\t<\/div>\n\t\t\t\t<\/div>\n\t\t<div class=\"elementor-element elementor-element-ae714da e-flex e-con-boxed e-con e-parent\" data-id=\"ae714da\" data-element_type=\"container\" data-e-type=\"container\" data-settings=\"{&quot;_ha_eqh_enable&quot;:false}\">\n\t\t\t\t\t<div class=\"e-con-inner\">\n\t\t\t\t<div class=\"elementor-element elementor-element-6f1d0fa elementor-widget elementor-widget-heading\" data-id=\"6f1d0fa\" data-element_type=\"widget\" data-e-type=\"widget\" data-widget_type=\"heading.default\">\n\t\t\t\t<div class=\"elementor-widget-container\">\n\t\t\t\t\t<h2 class=\"elementor-heading-title elementor-size-default\">Mantenimiento a tu instalaci\u00f3n <\/h2>\t\t\t\t<\/div>\n\t\t\t\t<\/div>\n\t\t\t\t<div class=\"elementor-element elementor-element-99fc273 elementor-widget elementor-widget-text-editor\" data-id=\"99fc273\" data-element_type=\"widget\" data-e-type=\"widget\" data-widget_type=\"text-editor.default\">\n\t\t\t\t<div class=\"elementor-widget-container\">\n\t\t\t\t\t\t\t\t\t<p style=\"text-align: center;\">En <b>Ahorra M\u00e1s Gas<\/b>, adem\u00e1s de realizar una revisi\u00f3n externa de tu instalaci\u00f3n, te brindamos un servicio integral de mantenimiento preventivo y correctivo, con los precios m\u00e1s competitivos del mercado.<\/p><p style=\"text-align: center;\">\u25cf \u00bfTienes problemas de presi\u00f3n de gas?<\/p><p style=\"text-align: center;\">\u25cf \u00bfHas detectado alguna fuga en tu instalaci\u00f3n?<\/p><p style=\"text-align: center;\">\u25cf \u00a1Estamos listos para atenderte de inmediato!<\/p><p>Nuestros clientes disfrutan de revisiones gratuitas de su instalaci\u00f3n, garantizando que el suministro no se interrumpa por problemas que resolvemos antes de que se conviertan en fallas mayores.<\/p><p>Tu seguridad es nuestra prioridad, por eso nos enfocamos en la prevenci\u00f3n.\u00a0<\/p>\t\t\t\t\t\t\t\t<\/div>\n\t\t\t\t<\/div>\n\t\t\t\t<div class=\"elementor-element elementor-element-0f1f81c elementor-widget elementor-widget-shortcode\" data-id=\"0f1f81c\" data-element_type=\"widget\" data-e-type=\"widget\" data-widget_type=\"shortcode.default\">\n\t\t\t\t<div class=\"elementor-widget-container\">\n\t\t\t\t\t\t\t<div class=\"elementor-shortcode\"><div id=\"envira-gallery-wrap-1435\" class=\"envira-gallery-wrap envira-gallery-theme-base envira-lightbox-theme-base\" itemscope itemtype=\"https:\/\/schema.org\/ImageGallery\"><div data-row-height=\"\" data-gallery-theme=\"\" id=\"envira-gallery-1435\" class=\"envira-gallery-public  envira-gallery-2-columns envira-clear enviratope envira-gallery-css-animations\" data-envira-columns=\"2\"><div id=\"envira-gallery-item-1388\" class=\"envira-gallery-item enviratope-item envira-gallery-item-1 envira-lazy-load\" style=\"padding-left: 5px; padding-bottom: 10px; padding-right: 5px;\"  itemscope itemtype=\"https:\/\/schema.org\/ImageObject\"><div class=\"envira-gallery-item-inner\"><div class=\"envira-gallery-position-overlay  envira-gallery-top-left\"><\/div><div class=\"envira-gallery-position-overlay  envira-gallery-top-right\"><\/div><div class=\"envira-gallery-position-overlay  envira-gallery-bottom-left\"><\/div><div class=\"envira-gallery-position-overlay  envira-gallery-bottom-right\"><\/div><a href=\"https:\/\/ahorramasgas.com\/wp-content\/uploads\/2024\/09\/WhatsApp-Image-2024-09-20-at-12.42.09-PM-2.jpeg\" class=\"envira-gallery-1435 envira-gallery-link\" rel=\"enviragallery1435\" title=\"Mantenimiento Exterior\" data-envira-caption=\"Mantenimiento Exterior\" data-envira-retina=\"\" data-thumbnail=\"\"  itemprop=\"contentUrl\"><div class=\"envira-lazy\" data-test-width=\"640\" data-test-height=\"480\" style=\"padding-bottom:75%;\"><img decoding=\"async\" id=\"envira-gallery-image-1388\" class=\"envira-gallery-image envira-gallery-image-1\" data-envira-index=\"1\" src=\"https:\/\/ahorramasgas.com\/wp-content\/uploads\/2024\/09\/WhatsApp-Image-2024-09-20-at-12.42.09-PM-2-1024x768-640x480_c.jpeg\" data-envira-src=\"https:\/\/ahorramasgas.com\/wp-content\/uploads\/2024\/09\/WhatsApp-Image-2024-09-20-at-12.42.09-PM-2-1024x768-640x480_c.jpeg\" data-envira-gallery-id=\"1435\" data-envira-item-id=\"1388\" data-envira-caption=\"Mantenimiento Exterior\" alt=\"\" title=\"Mantenimiento Exterior\"  itemprop=\"thumbnailUrl\" data-envira-srcset=\"https:\/\/ahorramasgas.com\/wp-content\/uploads\/2024\/09\/WhatsApp-Image-2024-09-20-at-12.42.09-PM-2-1024x768-640x480_c.jpeg 400w,https:\/\/ahorramasgas.com\/wp-content\/uploads\/2024\/09\/WhatsApp-Image-2024-09-20-at-12.42.09-PM-2-1024x768-640x480_c.jpeg 2x\" srcset=\"data:image\/gif;base64,R0lGODlhAQABAIAAAP\/\/\/\/\/\/\/yH5BAEKAAEALAAAAAABAAEAAAICTAEAOw==\" \/><\/div><\/a><\/div><\/div><div id=\"envira-gallery-item-1391\" class=\"envira-gallery-item enviratope-item envira-gallery-item-2 envira-lazy-load\" style=\"padding-left: 5px; padding-bottom: 10px; padding-right: 5px;\"  itemscope itemtype=\"https:\/\/schema.org\/ImageObject\"><div class=\"envira-gallery-item-inner\"><div class=\"envira-gallery-position-overlay  envira-gallery-top-left\"><\/div><div class=\"envira-gallery-position-overlay  envira-gallery-top-right\"><\/div><div class=\"envira-gallery-position-overlay  envira-gallery-bottom-left\"><\/div><div class=\"envira-gallery-position-overlay  envira-gallery-bottom-right\"><\/div><a href=\"https:\/\/ahorramasgas.com\/wp-content\/uploads\/2024\/09\/WhatsApp-Image-2024-09-20-at-12.42.08-PM-2.jpeg\" class=\"envira-gallery-1435 envira-gallery-link\" rel=\"enviragallery1435\" title=\"Mantenimiento a tu tanque\" data-envira-caption=\"Mantenimiento a tu tanque\" data-envira-retina=\"\" data-thumbnail=\"\"  itemprop=\"contentUrl\"><div class=\"envira-lazy\" data-test-width=\"640\" data-test-height=\"480\" style=\"padding-bottom:75%;\"><img decoding=\"async\" id=\"envira-gallery-image-1391\" class=\"envira-gallery-image envira-gallery-image-2\" data-envira-index=\"2\" src=\"https:\/\/ahorramasgas.com\/wp-content\/uploads\/2024\/09\/WhatsApp-Image-2024-09-20-at-12.42.08-PM-2-768x1024-640x480_c.jpeg\" data-envira-src=\"https:\/\/ahorramasgas.com\/wp-content\/uploads\/2024\/09\/WhatsApp-Image-2024-09-20-at-12.42.08-PM-2-768x1024-640x480_c.jpeg\" data-envira-gallery-id=\"1435\" data-envira-item-id=\"1391\" data-envira-caption=\"Mantenimiento a tu tanque\" alt=\"\" title=\"Mantenimiento a tu tanque\"  itemprop=\"thumbnailUrl\" data-envira-srcset=\"https:\/\/ahorramasgas.com\/wp-content\/uploads\/2024\/09\/WhatsApp-Image-2024-09-20-at-12.42.08-PM-2-768x1024-640x480_c.jpeg 400w,https:\/\/ahorramasgas.com\/wp-content\/uploads\/2024\/09\/WhatsApp-Image-2024-09-20-at-12.42.08-PM-2-768x1024-640x480_c.jpeg 2x\" srcset=\"data:image\/gif;base64,R0lGODlhAQABAIAAAP\/\/\/\/\/\/\/yH5BAEKAAEALAAAAAABAAEAAAICTAEAOw==\" \/><\/div><\/a><\/div><\/div><div id=\"envira-gallery-item-1392\" class=\"envira-gallery-item enviratope-item envira-gallery-item-3 envira-lazy-load\" style=\"padding-left: 5px; padding-bottom: 10px; padding-right: 5px;\"  itemscope itemtype=\"https:\/\/schema.org\/ImageObject\"><div class=\"envira-gallery-item-inner\"><div class=\"envira-gallery-position-overlay  envira-gallery-top-left\"><\/div><div class=\"envira-gallery-position-overlay  envira-gallery-top-right\"><\/div><div class=\"envira-gallery-position-overlay  envira-gallery-bottom-left\"><\/div><div class=\"envira-gallery-position-overlay  envira-gallery-bottom-right\"><\/div><a href=\"https:\/\/ahorramasgas.com\/wp-content\/uploads\/2024\/09\/WhatsApp-Image-2024-09-20-at-12.42.08-PM-1.jpeg\" class=\"envira-gallery-1435 envira-gallery-link\" rel=\"enviragallery1435\" title=\"Mantenimiento a Interiores\" data-envira-caption=\"Mantenimiento a Interiores\" data-envira-retina=\"\" data-thumbnail=\"\"  itemprop=\"contentUrl\"><div class=\"envira-lazy\" data-test-width=\"640\" data-test-height=\"480\" style=\"padding-bottom:75%;\"><img decoding=\"async\" id=\"envira-gallery-image-1392\" class=\"envira-gallery-image envira-gallery-image-3\" data-envira-index=\"3\" src=\"https:\/\/ahorramasgas.com\/wp-content\/uploads\/2024\/09\/WhatsApp-Image-2024-09-20-at-12.42.08-PM-1-768x1024-640x480_c.jpeg\" data-envira-src=\"https:\/\/ahorramasgas.com\/wp-content\/uploads\/2024\/09\/WhatsApp-Image-2024-09-20-at-12.42.08-PM-1-768x1024-640x480_c.jpeg\" data-envira-gallery-id=\"1435\" data-envira-item-id=\"1392\" data-envira-caption=\"Mantenimiento a Interiores\" alt=\"\" title=\"Mantenimiento a Interiores\"  itemprop=\"thumbnailUrl\" data-envira-srcset=\"https:\/\/ahorramasgas.com\/wp-content\/uploads\/2024\/09\/WhatsApp-Image-2024-09-20-at-12.42.08-PM-1-768x1024-640x480_c.jpeg 400w,https:\/\/ahorramasgas.com\/wp-content\/uploads\/2024\/09\/WhatsApp-Image-2024-09-20-at-12.42.08-PM-1-768x1024-640x480_c.jpeg 2x\" srcset=\"data:image\/gif;base64,R0lGODlhAQABAIAAAP\/\/\/\/\/\/\/yH5BAEKAAEALAAAAAABAAEAAAICTAEAOw==\" \/><\/div><\/a><\/div><\/div><div id=\"envira-gallery-item-1393\" class=\"envira-gallery-item enviratope-item envira-gallery-item-4 envira-lazy-load\" style=\"padding-left: 5px; padding-bottom: 10px; padding-right: 5px;\"  itemscope itemtype=\"https:\/\/schema.org\/ImageObject\"><div class=\"envira-gallery-item-inner\"><div class=\"envira-gallery-position-overlay  envira-gallery-top-left\"><\/div><div class=\"envira-gallery-position-overlay  envira-gallery-top-right\"><\/div><div class=\"envira-gallery-position-overlay  envira-gallery-bottom-left\"><\/div><div class=\"envira-gallery-position-overlay  envira-gallery-bottom-right\"><\/div><a href=\"https:\/\/ahorramasgas.com\/wp-content\/uploads\/2024\/09\/WhatsApp-Image-2024-09-20-at-12.42.08-PM.jpeg\" class=\"envira-gallery-1435 envira-gallery-link\" rel=\"enviragallery1435\" title=\"Mantenimiento a tu Instalaci&oacute;n\" data-envira-caption=\"Mantenimiento a tu Instalaci&oacute;n\" data-envira-retina=\"\" data-thumbnail=\"\"  itemprop=\"contentUrl\"><div class=\"envira-lazy\" data-test-width=\"640\" data-test-height=\"480\" style=\"padding-bottom:75%;\"><img decoding=\"async\" id=\"envira-gallery-image-1393\" class=\"envira-gallery-image envira-gallery-image-4\" data-envira-index=\"4\" src=\"https:\/\/ahorramasgas.com\/wp-content\/uploads\/2024\/09\/WhatsApp-Image-2024-09-20-at-12.42.08-PM-640x480_c.jpeg\" data-envira-src=\"https:\/\/ahorramasgas.com\/wp-content\/uploads\/2024\/09\/WhatsApp-Image-2024-09-20-at-12.42.08-PM-640x480_c.jpeg\" data-envira-gallery-id=\"1435\" data-envira-item-id=\"1393\" data-envira-caption=\"Mantenimiento a tu Instalaci&oacute;n\" alt=\"\" title=\"Mantenimiento a tu Instalaci&amp;oacute;n\"  itemprop=\"thumbnailUrl\" data-envira-srcset=\"https:\/\/ahorramasgas.com\/wp-content\/uploads\/2024\/09\/WhatsApp-Image-2024-09-20-at-12.42.08-PM-640x480_c.jpeg 400w,https:\/\/ahorramasgas.com\/wp-content\/uploads\/2024\/09\/WhatsApp-Image-2024-09-20-at-12.42.08-PM-640x480_c.jpeg 2x\" srcset=\"data:image\/gif;base64,R0lGODlhAQABAIAAAP\/\/\/\/\/\/\/yH5BAEKAAEALAAAAAABAAEAAAICTAEAOw==\" \/><\/div><\/a><\/div><\/div><div id=\"envira-gallery-item-1389\" class=\"envira-gallery-item enviratope-item envira-gallery-item-5 envira-lazy-load\" style=\"padding-left: 5px; padding-bottom: 10px; padding-right: 5px;\"  itemscope itemtype=\"https:\/\/schema.org\/ImageObject\"><div class=\"envira-gallery-item-inner\"><div class=\"envira-gallery-position-overlay  envira-gallery-top-left\"><\/div><div class=\"envira-gallery-position-overlay  envira-gallery-top-right\"><\/div><div class=\"envira-gallery-position-overlay  envira-gallery-bottom-left\"><\/div><div class=\"envira-gallery-position-overlay  envira-gallery-bottom-right\"><\/div><a href=\"https:\/\/ahorramasgas.com\/wp-content\/uploads\/2024\/09\/WhatsApp-Image-2024-09-20-at-12.42.09-PM-1.jpeg\" class=\"envira-gallery-1435 envira-gallery-link\" rel=\"enviragallery1435\" title=\"Instalaci&oacute;n de tanque\" data-envira-caption=\"Instalaci&oacute;n de tanque\" data-envira-retina=\"\" data-thumbnail=\"\"  itemprop=\"contentUrl\"><div class=\"envira-lazy\" data-test-width=\"640\" data-test-height=\"480\" style=\"padding-bottom:75%;\"><img decoding=\"async\" id=\"envira-gallery-image-1389\" class=\"envira-gallery-image envira-gallery-image-5\" data-envira-index=\"5\" src=\"https:\/\/ahorramasgas.com\/wp-content\/uploads\/2024\/09\/WhatsApp-Image-2024-09-20-at-12.42.09-PM-1-1024x768-640x480_c.jpeg\" data-envira-src=\"https:\/\/ahorramasgas.com\/wp-content\/uploads\/2024\/09\/WhatsApp-Image-2024-09-20-at-12.42.09-PM-1-1024x768-640x480_c.jpeg\" data-envira-gallery-id=\"1435\" data-envira-item-id=\"1389\" data-envira-caption=\"Instalaci&oacute;n de tanque\" alt=\"\" title=\"Instalaci&amp;oacute;n de tanque\"  itemprop=\"thumbnailUrl\" data-envira-srcset=\"https:\/\/ahorramasgas.com\/wp-content\/uploads\/2024\/09\/WhatsApp-Image-2024-09-20-at-12.42.09-PM-1-1024x768-640x480_c.jpeg 400w,https:\/\/ahorramasgas.com\/wp-content\/uploads\/2024\/09\/WhatsApp-Image-2024-09-20-at-12.42.09-PM-1-1024x768-640x480_c.jpeg 2x\" srcset=\"data:image\/gif;base64,R0lGODlhAQABAIAAAP\/\/\/\/\/\/\/yH5BAEKAAEALAAAAAABAAEAAAICTAEAOw==\" \/><\/div><\/a><\/div><\/div><div id=\"envira-gallery-item-1390\" class=\"envira-gallery-item enviratope-item envira-gallery-item-6 envira-lazy-load\" style=\"padding-left: 5px; padding-bottom: 10px; padding-right: 5px;\"  itemscope itemtype=\"https:\/\/schema.org\/ImageObject\"><div class=\"envira-gallery-item-inner\"><div class=\"envira-gallery-position-overlay  envira-gallery-top-left\"><\/div><div class=\"envira-gallery-position-overlay  envira-gallery-top-right\"><\/div><div class=\"envira-gallery-position-overlay  envira-gallery-bottom-left\"><\/div><div class=\"envira-gallery-position-overlay  envira-gallery-bottom-right\"><\/div><a href=\"https:\/\/ahorramasgas.com\/wp-content\/uploads\/2024\/09\/WhatsApp-Image-2024-09-20-at-12.42.09-PM.jpeg\" class=\"envira-gallery-1435 envira-gallery-link\" rel=\"enviragallery1435\" title=\"Instalaci&oacute;n Terminado\" data-envira-caption=\"Instalaci&oacute;n Terminado\" data-envira-retina=\"\" data-thumbnail=\"\"  itemprop=\"contentUrl\"><div class=\"envira-lazy\" data-test-width=\"640\" data-test-height=\"480\" style=\"padding-bottom:75%;\"><img decoding=\"async\" id=\"envira-gallery-image-1390\" class=\"envira-gallery-image envira-gallery-image-6\" data-envira-index=\"6\" src=\"https:\/\/ahorramasgas.com\/wp-content\/uploads\/2024\/09\/WhatsApp-Image-2024-09-20-at-12.42.09-PM-1024x768-640x480_c.jpeg\" data-envira-src=\"https:\/\/ahorramasgas.com\/wp-content\/uploads\/2024\/09\/WhatsApp-Image-2024-09-20-at-12.42.09-PM-1024x768-640x480_c.jpeg\" data-envira-gallery-id=\"1435\" data-envira-item-id=\"1390\" data-envira-caption=\"Instalaci&oacute;n Terminado\" alt=\"\" title=\"Instalaci&amp;oacute;n Terminado\"  itemprop=\"thumbnailUrl\" data-envira-srcset=\"https:\/\/ahorramasgas.com\/wp-content\/uploads\/2024\/09\/WhatsApp-Image-2024-09-20-at-12.42.09-PM-1024x768-640x480_c.jpeg 400w,https:\/\/ahorramasgas.com\/wp-content\/uploads\/2024\/09\/WhatsApp-Image-2024-09-20-at-12.42.09-PM-1024x768-640x480_c.jpeg 2x\" srcset=\"data:image\/gif;base64,R0lGODlhAQABAIAAAP\/\/\/\/\/\/\/yH5BAEKAAEALAAAAAABAAEAAAICTAEAOw==\" \/><\/div><\/a><\/div><\/div><\/div><\/div><noscript><img decoding=\"async\" src=\"https:\/\/ahorramasgas.com\/wp-content\/uploads\/2024\/09\/WhatsApp-Image-2024-09-20-at-12.42.09-PM-2.jpeg\" alt=\"\" \/><img decoding=\"async\" src=\"https:\/\/ahorramasgas.com\/wp-content\/uploads\/2024\/09\/WhatsApp-Image-2024-09-20-at-12.42.08-PM-2.jpeg\" alt=\"\" \/><img decoding=\"async\" src=\"https:\/\/ahorramasgas.com\/wp-content\/uploads\/2024\/09\/WhatsApp-Image-2024-09-20-at-12.42.08-PM-1.jpeg\" alt=\"\" \/><img decoding=\"async\" src=\"https:\/\/ahorramasgas.com\/wp-content\/uploads\/2024\/09\/WhatsApp-Image-2024-09-20-at-12.42.08-PM.jpeg\" alt=\"\" \/><img decoding=\"async\" src=\"https:\/\/ahorramasgas.com\/wp-content\/uploads\/2024\/09\/WhatsApp-Image-2024-09-20-at-12.42.09-PM-1.jpeg\" alt=\"\" \/><img decoding=\"async\" src=\"https:\/\/ahorramasgas.com\/wp-content\/uploads\/2024\/09\/WhatsApp-Image-2024-09-20-at-12.42.09-PM.jpeg\" alt=\"\" \/><\/noscript><\/div>\n\t\t\t\t\t\t<\/div>\n\t\t\t\t<\/div>\n\t\t\t\t\t<\/div>\n\t\t\t\t<\/div>\n\t\t<div class=\"elementor-element elementor-element-e7dc66e e-flex e-con-boxed e-con e-parent\" data-id=\"e7dc66e\" data-element_type=\"container\" data-e-type=\"container\" data-settings=\"{&quot;_ha_eqh_enable&quot;:false}\">\n\t\t\t\t\t<div class=\"e-con-inner\">\n\t\t\t\t<div class=\"elementor-element elementor-element-eaabf12 elementor-widget elementor-widget-eael-creative-button\" data-id=\"eaabf12\" data-element_type=\"widget\" data-e-type=\"widget\" data-widget_type=\"eael-creative-button.default\">\n\t\t\t\t<div class=\"elementor-widget-container\">\n\t\t\t\t\t        <div class=\"eael-creative-button-wrapper\">\n\n            <a class=\"eael-creative-button eael-creative-button--default\" href=\"http:\/\/api.whatsapp.com\/send?phone=525615714441&#038;text=Hola%2C%20vengo%20de%20su%20pagina%20Adagas%2C%20me%20gustar\u00eda%20cotizar%20el%20mantenimiento%20de%20mi%20Instalaci\u00f3n.\" data-text=\"\">\n            \t    \n                <div class=\"creative-button-inner\">\n\n                                            <span class=\"eael-creative-button-icon-left\"><svg aria-hidden=\"true\" class=\"e-font-icon-svg e-fab-whatsapp\" viewBox=\"0 0 448 512\" xmlns=\"http:\/\/www.w3.org\/2000\/svg\"><path d=\"M380.9 97.1C339 55.1 283.2 32 223.9 32c-122.4 0-222 99.6-222 222 0 39.1 10.2 77.3 29.6 111L0 480l117.7-30.9c32.4 17.7 68.9 27 106.1 27h.1c122.3 0 224.1-99.6 224.1-222 0-59.3-25.2-115-67.1-157zm-157 341.6c-33.2 0-65.7-8.9-94-25.7l-6.7-4-69.8 18.3L72 359.2l-4.4-7c-18.5-29.4-28.2-63.3-28.2-98.2 0-101.7 82.8-184.5 184.6-184.5 49.3 0 95.6 19.2 130.4 54.1 34.8 34.9 56.2 81.2 56.1 130.5 0 101.8-84.9 184.6-186.6 184.6zm101.2-138.2c-5.5-2.8-32.8-16.2-37.9-18-5.1-1.9-8.8-2.8-12.5 2.8-3.7 5.6-14.3 18-17.6 21.8-3.2 3.7-6.5 4.2-12 1.4-32.6-16.3-54-29.1-75.5-66-5.7-9.8 5.7-9.1 16.3-30.3 1.8-3.7.9-6.9-.5-9.7-1.4-2.8-12.5-30.1-17.1-41.2-4.5-10.8-9.1-9.3-12.5-9.5-3.2-.2-6.9-.2-10.6-.2-3.7 0-9.7 1.4-14.8 6.9-5.1 5.6-19.4 19-19.4 46.3 0 27.3 19.9 53.7 22.6 57.4 2.8 3.7 39.1 59.7 94.8 83.8 35.2 15.2 49 16.5 66.6 13.9 10.7-1.6 32.8-13.4 37.4-26.4 4.6-13 4.6-24.1 3.2-26.4-1.3-2.5-5-3.9-10.5-6.6z\"><\/path><\/svg><\/span>                    \n                    <span class=\"cretive-button-text\">Cotizar Mantenimiento<\/span>\n\n                                    <\/div>\n\t                        <\/a>\n        <\/div>\n        \t\t\t\t<\/div>\n\t\t\t\t<\/div>\n\t\t\t\t\t<\/div>\n\t\t\t\t<\/div>\n\t\t\t\t<\/div>\n\t\t","protected":false},"excerpt":{"rendered":"<p>Mantenimiento a tu instalaci\u00f3n En Ahorra M\u00e1s Gas, adem\u00e1s de realizar una revisi\u00f3n externa de tu instalaci\u00f3n, te brindamos un [&hellip;]<\/p>\n","protected":false},"author":1,"featured_media":0,"parent":0,"menu_order":0,"comment_status":"closed","ping_status":"closed","template":"","meta":{"site-sidebar-layout":"no-sidebar","site-content-layout":"","ast-site-content-layout":"full-width-container","site-content-style":"default","site-sidebar-style":"default","ast-global-header-display":"","ast-banner-title-visibility":"","ast-main-header-display":"","ast-hfb-above-header-display":"","ast-hfb-below-header-display":"","ast-hfb-mobile-header-display":"","site-post-title":"disabled","ast-breadcrumbs-content":"","ast-featured-img":"disabled","footer-sml-layout":"","ast-disable-related-posts":"","theme-transparent-header-meta":"","adv-header-id-meta":"","stick-header-meta":"","header-above-stick-meta":"","header-main-stick-meta":"","header-below-stick-meta":"","astra-migrate-meta-layouts":"default","ast-page-background-enabled":"default","ast-page-background-meta":{"desktop":{"background-color":"var(--ast-global-color-4)","background-image":"","background-repeat":"repeat","background-position":"center center","background-size":"auto","background-attachment":"scroll","background-type":"","background-media":"","overlay-type":"","overlay-color":"","overlay-opacity":"","overlay-gradient":""},"tablet":{"background-color":"","background-image":"","background-repeat":"repeat","background-position":"center center","background-size":"auto","background-attachment":"scroll","background-type":"","background-media":"","overlay-type":"","overlay-color":"","overlay-opacity":"","overlay-gradient":""},"mobile":{"background-color":"","background-image":"","background-repeat":"repeat","background-position":"center center","background-size":"auto","background-attachment":"scroll","background-type":"","background-media":"","overlay-type":"","overlay-color":"","overlay-opacity":"","overlay-gradient":""}},"ast-content-background-meta":{"desktop":{"background-color":"var(--ast-global-color-5)","background-image":"","background-repeat":"repeat","background-position":"center center","background-size":"auto","background-attachment":"scroll","background-type":"","background-media":"","overlay-type":"","overlay-color":"","overlay-opacity":"","overlay-gradient":""},"tablet":{"background-color":"var(--ast-global-color-5)","background-image":"","background-repeat":"repeat","background-position":"center center","background-size":"auto","background-attachment":"scroll","background-type":"","background-media":"","overlay-type":"","overlay-color":"","overlay-opacity":"","overlay-gradient":""},"mobile":{"background-color":"var(--ast-global-color-5)","background-image":"","background-repeat":"repeat","background-position":"center center","background-size":"auto","background-attachment":"scroll","background-type":"","background-media":"","overlay-type":"","overlay-color":"","overlay-opacity":"","overlay-gradient":""}},"_joinchat":[],"footnotes":""},"class_list":["post-854","page","type-page","status-publish","hentry"],"_links":{"self":[{"href":"https:\/\/ahorramasgas.com\/index.php\/wp-json\/wp\/v2\/pages\/854","targetHints":{"allow":["GET"]}}],"collection":[{"href":"https:\/\/ahorramasgas.com\/index.php\/wp-json\/wp\/v2\/pages"}],"about":[{"href":"https:\/\/ahorramasgas.com\/index.php\/wp-json\/wp\/v2\/types\/page"}],"author":[{"embeddable":true,"href":"https:\/\/ahorramasgas.com\/index.php\/wp-json\/wp\/v2\/users\/1"}],"replies":[{"embeddable":true,"href":"https:\/\/ahorramasgas.com\/index.php\/wp-json\/wp\/v2\/comments?post=854"}],"version-history":[{"count":73,"href":"https:\/\/ahorramasgas.com\/index.php\/wp-json\/wp\/v2\/pages\/854\/revisions"}],"predecessor-version":[{"id":1838,"href":"https:\/\/ahorramasgas.com\/index.php\/wp-json\/wp\/v2\/pages\/854\/revisions\/1838"}],"wp:attachment":[{"href":"https:\/\/ahorramasgas.com\/index.php\/wp-json\/wp\/v2\/media?parent=854"}],"curies":[{"name":"wp","href":"https:\/\/api.w.org\/{rel}","templated":true}]}}