{"id":764,"date":"2024-08-26T16:34:55","date_gmt":"2024-08-26T16:34:55","guid":{"rendered":"https:\/\/ahorramasgas.com\/?page_id=764"},"modified":"2024-10-04T18:33:03","modified_gmt":"2024-10-04T18:33:03","slug":"servicios","status":"publish","type":"page","link":"https:\/\/ahorramasgas.com\/index.php\/servicios\/","title":{"rendered":"Servicios"},"content":{"rendered":"\t\t<div data-elementor-type=\"wp-page\" data-elementor-id=\"764\" class=\"elementor elementor-764\" data-elementor-settings=\"{&quot;ha_cmc_init_switcher&quot;:&quot;no&quot;}\" data-elementor-post-type=\"page\">\n\t\t\t\t<div class=\"elementor-element elementor-element-553a670 e-flex e-con-boxed e-con e-parent\" data-id=\"553a670\" data-element_type=\"container\" data-e-type=\"container\" data-settings=\"{&quot;_ha_eqh_enable&quot;:false}\">\n\t\t\t\t\t<div class=\"e-con-inner\">\n\t\t\t\t<div class=\"elementor-element elementor-element-74892f5 elementor-widget elementor-widget-spacer\" data-id=\"74892f5\" data-element_type=\"widget\" data-e-type=\"widget\" data-widget_type=\"spacer.default\">\n\t\t\t\t<div class=\"elementor-widget-container\">\n\t\t\t\t\t\t\t<div class=\"elementor-spacer\">\n\t\t\t<div class=\"elementor-spacer-inner\"><\/div>\n\t\t<\/div>\n\t\t\t\t\t\t<\/div>\n\t\t\t\t<\/div>\n\t\t\t\t\t<\/div>\n\t\t\t\t<\/div>\n\t\t<div class=\"elementor-element elementor-element-a6b6367 e-flex e-con-boxed e-con e-parent\" data-id=\"a6b6367\" data-element_type=\"container\" data-e-type=\"container\" data-settings=\"{&quot;_ha_eqh_enable&quot;:false}\">\n\t\t\t\t\t<div class=\"e-con-inner\">\n\t\t\t\t<div class=\"elementor-element elementor-element-c854eaa elementor-widget elementor-widget-html\" data-id=\"c854eaa\" data-element_type=\"widget\" data-e-type=\"widget\" data-widget_type=\"html.default\">\n\t\t\t\t<div class=\"elementor-widget-container\">\n\t\t\t\t\t<!DOCTYPE html>\r\n<html lang=\"es\">\r\n<head>\r\n    <meta charset=\"UTF-8\">\r\n    <meta name=\"viewport\" content=\"width=device-width, initial-scale=1.0\">\r\n    <title>Presentaci\u00f3n de Cuatro Elementos<\/title>\r\n    <style>\r\n        * {\r\n            box-sizing: border-box;\r\n        }\r\n        body {\r\n            font-family: Arial, sans-serif;\r\n            background-color: #ffffff;\r\n            margin: 0;\r\n            padding: 0;\r\n        }\r\n        .container {\r\n            display: flex;\r\n            flex-wrap: wrap;\r\n            gap: 20px;\r\n            width: 100%; \/* Asegura que ocupe todo el ancho *\/\r\n            margin: 0 auto; \/* Centra el contenedor *\/\r\n            padding: 20px;\r\n        }\r\n        .item {\r\n            flex: 1 1 calc(50% - 20px); \/* Dos elementos por fila *\/\r\n            padding: 20px;\r\n            background-size: cover;\r\n            background-position: center;\r\n            text-align: center;\r\n            border-radius: 5px;\r\n            color: #ffffff;\r\n            box-shadow: 0 0 10px rgba(0, 0, 0, 0.5);\r\n            position: relative;\r\n            overflow: hidden;\r\n            background-color: #5864AC;\r\n            transition: transform 0.3s;\r\n        }\r\n        .item::before {\r\n            content: \"\";\r\n            position: absolute;\r\n            top: 0;\r\n            left: 0;\r\n            width: 100%;\r\n            height: 100%;\r\n            background-color: rgba(0, 0, 0, 0.5);\r\n            z-index: 1;\r\n        }\r\n        .item h3,\r\n        .item p,\r\n        .item a {\r\n            position: relative;\r\n            z-index: 2;\r\n        }\r\n        .item:hover {\r\n            transform: translateY(-5px);\r\n        }\r\n        .item h3 {\r\n            margin-bottom: 10px;\r\n            font-size: 1.2em;\r\n            color: #ffffff;\r\n        }\r\n        .item p {\r\n            margin-bottom: 20px;\r\n            font-size: 0.95em;\r\n        }\r\n        .item a {\r\n            text-decoration: none;\r\n            color: #ffffff;\r\n            font-weight: bold;\r\n            transition: color 0.3s;\r\n        }\r\n        .item a:hover {\r\n            color: #0056b3;\r\n        }\r\n\r\n        \/* Responsividad *\/\r\n        @media (max-width: 992px) {\r\n            .item {\r\n                flex: 1 1 calc(50% - 20px); \/* Mantiene dos elementos por fila en pantallas medianas *\/\r\n            }\r\n        }\r\n        @media (max-width: 600px) {\r\n            .item {\r\n                flex: 1 1 100%; \/* Un elemento por fila en pantallas peque\u00f1as *\/\r\n            }\r\n        }\r\n    <\/style>\r\n<\/head>\r\n<body>\r\n\r\n<div class=\"container\">\r\n    <div class=\"item\" style=\"background-image: url('https:\/\/ahorramasgas.com\/wp-content\/uploads\/2024\/08\/man-sign-ai-generated-scaled.jpg');\">\r\n        <h3>Administraci\u00f3n de Gas en Condominios<\/h3>\r\n        <p>Llevamos el control dentro de tu Condominio.<\/p>\r\n        <a href=\"https:\/\/ahorramasgas.com\/index.php\/administracion-de-condominios\/\">Leer m\u00e1s<\/a>\r\n    <\/div>\r\n    <div class=\"item\" style=\"background-image: url('https:\/\/ahorramasgas.com\/wp-content\/uploads\/2024\/10\/Untitled-Project.jpg');\">\r\n        <h3>Suministro de Gas<\/h3>\r\n        <p>Surtimos el gas a tu domicilio.<\/p>\r\n        <a href=\"https:\/\/ahorramasgas.com\/index.php\/suministro-de-gas\/\">Leer m\u00e1s<\/a>\r\n    <\/div>\r\n    <div class=\"item\" style=\"background-image: url('https:\/\/ahorramasgas.com\/wp-content\/uploads\/2024\/08\/small-metal-pan-stove-kitchen-scaled.jpg');\">\r\n        <h3>Mantenimiento<\/h3>\r\n        <p>Revisi\u00f3n peri\u00f3dica a tu instalaci\u00f3n.<\/p>\r\n        <a href=\"https:\/\/ahorramasgas.com\/index.php\/mantenimiento\/\">Leer m\u00e1s<\/a>\r\n    <\/div>\r\n    <div class=\"item\" style=\"background-image: url('https:\/\/ahorramasgas.com\/wp-content\/uploads\/2024\/08\/2.png');\">\r\n        <h3>Venta de Tanques<\/h3>\r\n        <p>Cotiza la instalaci\u00f3n de tu tanque estacionario.<\/p>\r\n        <a href=\"https:\/\/ahorramasgas.com\/index.php\/venta-de-tanques\/\">Leer m\u00e1s<\/a>\r\n    <\/div>\r\n<\/div>\r\n\r\n<\/body>\r\n<\/html>\r\n\t\t\t\t<\/div>\n\t\t\t\t<\/div>\n\t\t\t\t\t<\/div>\n\t\t\t\t<\/div>\n\t\t<div class=\"elementor-element elementor-element-2a50fa3 e-con-full e-flex e-con e-parent\" data-id=\"2a50fa3\" data-element_type=\"container\" data-e-type=\"container\" data-settings=\"{&quot;_ha_eqh_enable&quot;:false}\">\n\t\t\t\t<div class=\"elementor-element elementor-element-8f4d663 elementor-widget elementor-widget-heading\" data-id=\"8f4d663\" data-element_type=\"widget\" data-e-type=\"widget\" data-widget_type=\"heading.default\">\n\t\t\t\t<div class=\"elementor-widget-container\">\n\t\t\t\t\t<h2 class=\"elementor-heading-title elementor-size-default\">Ventajas de un Tanque estacionario<\/h2>\t\t\t\t<\/div>\n\t\t\t\t<\/div>\n\t\t\t\t<div class=\"elementor-element elementor-element-3e1cc20 elementor-widget elementor-widget-html\" data-id=\"3e1cc20\" data-element_type=\"widget\" data-e-type=\"widget\" data-widget_type=\"html.default\">\n\t\t\t\t<div class=\"elementor-widget-container\">\n\t\t\t\t\t<!DOCTYPE html>\r\n<html lang=\"es\">\r\n<head>\r\n    <meta charset=\"UTF-8\">\r\n    <style>\r\n        table {\r\n            width: 80%;\r\n            margin: 0 auto;\r\n            border-collapse: collapse;\r\n            text-align: left;\r\n        }\r\n        th {\r\n            background-color: #007BFF;\r\n            color: white;\r\n            padding: 8px;\r\n            text-align: center;\r\n        }\r\n        tr:nth-child(even) {\r\n            background-color: #f2f2f2;\r\n        }\r\n        tr:nth-child(odd) {\r\n            background-color: #ffffff;\r\n        }\r\n        td {\r\n            padding: 8px;\r\n        }\r\n    <\/style>\r\n<\/head>\r\n<body>\r\n\r\n<table border=\"1\">\r\n    <tr>\r\n        <th>Aspecto<\/th>\r\n        <th>Tanque Estacionario LP<\/th>\r\n        <th>Cilindro<\/th>\r\n    <\/tr>\r\n    <tr>\r\n        <td>Capacidad<\/td>\r\n        <td>Alta capacidad, evita recargas frecuentes.<\/td>\r\n        <td>Limitada, requiere recargas frecuentes.<\/td>\r\n    <\/tr>\r\n    <tr>\r\n        <td>Comodidad<\/td>\r\n        <td>Se recarga en el lugar sin mover el tanque.<\/td>\r\n        <td>Necesita transporte para recargar o cambiar.<\/td>\r\n    <\/tr>\r\n    <tr>\r\n        <td>Costo por Recarga<\/td>\r\n        <td>M\u00e1s econ\u00f3mico a largo plazo por volumen.<\/td>\r\n        <td>M\u00e1s caro por litro o kg en peque\u00f1as cantidades.<\/td>\r\n    <\/tr>\r\n    <tr>\r\n        <td>Seguridad<\/td>\r\n        <td>Mayor seguridad con mantenimiento regular.<\/td>\r\n        <td>Menos seguro si no se maneja correctamente.<\/td>\r\n    <\/tr>\r\n    <tr>\r\n        <td>Mantenimiento<\/td>\r\n        <td>Requiere mantenimiento peri\u00f3dico.<\/td>\r\n        <td>Menor, pero mayor riesgo si no se revisa.<\/td>\r\n    <\/tr>\r\n    <tr>\r\n        <td>Disponibilidad de Gas<\/td>\r\n        <td>Siempre disponible, evita quedarte sin gas.<\/td>\r\n        <td>Puedes quedarte sin gas y necesitar recargar.<\/td>\r\n    <\/tr>\r\n    <tr>\r\n        <td>Valor a Largo Plazo<\/td>\r\n        <td>Aumenta el valor de la propiedad.<\/td>\r\n        <td>No agrega valor a la propiedad.<\/td>\r\n    <\/tr>\r\n    <tr>\r\n        <td>Impacto Est\u00e9tico<\/td>\r\n        <td>Instalaci\u00f3n discreta y adaptable.<\/td>\r\n        <td>Menor impacto visual, pero menos opciones.<\/td>\r\n    <\/tr>\r\n<\/table>\r\n\r\n<\/body>\r\n<\/html>\r\n\t\t\t\t<\/div>\n\t\t\t\t<\/div>\n\t\t\t\t<\/div>\n\t\t\t\t<\/div>\n\t\t","protected":false},"excerpt":{"rendered":"<p>Presentaci\u00f3n de Cuatro Elementos Administraci\u00f3n de Gas en Condominios Llevamos el control dentro de tu Condominio. Leer m\u00e1s Suministro de [&hellip;]<\/p>\n","protected":false},"author":1,"featured_media":0,"parent":0,"menu_order":0,"comment_status":"closed","ping_status":"closed","template":"","meta":{"site-sidebar-layout":"no-sidebar","site-content-layout":"","ast-site-content-layout":"full-width-container","site-content-style":"default","site-sidebar-style":"default","ast-global-header-display":"","ast-banner-title-visibility":"","ast-main-header-display":"","ast-hfb-above-header-display":"","ast-hfb-below-header-display":"","ast-hfb-mobile-header-display":"","site-post-title":"disabled","ast-breadcrumbs-content":"","ast-featured-img":"disabled","footer-sml-layout":"","ast-disable-related-posts":"","theme-transparent-header-meta":"","adv-header-id-meta":"","stick-header-meta":"","header-above-stick-meta":"","header-main-stick-meta":"","header-below-stick-meta":"","astra-migrate-meta-layouts":"default","ast-page-background-enabled":"default","ast-page-background-meta":{"desktop":{"background-color":"var(--ast-global-color-4)","background-image":"","background-repeat":"repeat","background-position":"center center","background-size":"auto","background-attachment":"scroll","background-type":"","background-media":"","overlay-type":"","overlay-color":"","overlay-opacity":"","overlay-gradient":""},"tablet":{"background-color":"","background-image":"","background-repeat":"repeat","background-position":"center center","background-size":"auto","background-attachment":"scroll","background-type":"","background-media":"","overlay-type":"","overlay-color":"","overlay-opacity":"","overlay-gradient":""},"mobile":{"background-color":"","background-image":"","background-repeat":"repeat","background-position":"center center","background-size":"auto","background-attachment":"scroll","background-type":"","background-media":"","overlay-type":"","overlay-color":"","overlay-opacity":"","overlay-gradient":""}},"ast-content-background-meta":{"desktop":{"background-color":"var(--ast-global-color-5)","background-image":"","background-repeat":"repeat","background-position":"center center","background-size":"auto","background-attachment":"scroll","background-type":"","background-media":"","overlay-type":"","overlay-color":"","overlay-opacity":"","overlay-gradient":""},"tablet":{"background-color":"var(--ast-global-color-5)","background-image":"","background-repeat":"repeat","background-position":"center center","background-size":"auto","background-attachment":"scroll","background-type":"","background-media":"","overlay-type":"","overlay-color":"","overlay-opacity":"","overlay-gradient":""},"mobile":{"background-color":"var(--ast-global-color-5)","background-image":"","background-repeat":"repeat","background-position":"center center","background-size":"auto","background-attachment":"scroll","background-type":"","background-media":"","overlay-type":"","overlay-color":"","overlay-opacity":"","overlay-gradient":""}},"_joinchat":[],"footnotes":""},"class_list":["post-764","page","type-page","status-publish","hentry"],"_links":{"self":[{"href":"https:\/\/ahorramasgas.com\/index.php\/wp-json\/wp\/v2\/pages\/764","targetHints":{"allow":["GET"]}}],"collection":[{"href":"https:\/\/ahorramasgas.com\/index.php\/wp-json\/wp\/v2\/pages"}],"about":[{"href":"https:\/\/ahorramasgas.com\/index.php\/wp-json\/wp\/v2\/types\/page"}],"author":[{"embeddable":true,"href":"https:\/\/ahorramasgas.com\/index.php\/wp-json\/wp\/v2\/users\/1"}],"replies":[{"embeddable":true,"href":"https:\/\/ahorramasgas.com\/index.php\/wp-json\/wp\/v2\/comments?post=764"}],"version-history":[{"count":76,"href":"https:\/\/ahorramasgas.com\/index.php\/wp-json\/wp\/v2\/pages\/764\/revisions"}],"predecessor-version":[{"id":1633,"href":"https:\/\/ahorramasgas.com\/index.php\/wp-json\/wp\/v2\/pages\/764\/revisions\/1633"}],"wp:attachment":[{"href":"https:\/\/ahorramasgas.com\/index.php\/wp-json\/wp\/v2\/media?parent=764"}],"curies":[{"name":"wp","href":"https:\/\/api.w.org\/{rel}","templated":true}]}}