{"id":3,"date":"2024-08-02T19:34:42","date_gmt":"2024-08-02T19:34:42","guid":{"rendered":"https:\/\/ahorramasgas.com\/?page_id=3"},"modified":"2024-09-04T22:34:28","modified_gmt":"2024-09-04T22:34:28","slug":"privacy-policy","status":"publish","type":"page","link":"https:\/\/ahorramasgas.com\/index.php\/privacy-policy\/","title":{"rendered":"Privacy Policy"},"content":{"rendered":"\t\t<div data-elementor-type=\"wp-page\" data-elementor-id=\"3\" class=\"elementor elementor-3\" data-elementor-settings=\"{&quot;ha_cmc_init_switcher&quot;:&quot;no&quot;}\" data-elementor-post-type=\"page\">\n\t\t\t\t<div class=\"elementor-element elementor-element-260e23dc e-flex e-con-boxed e-con e-parent\" data-id=\"260e23dc\" data-element_type=\"container\" data-e-type=\"container\" data-settings=\"{&quot;_ha_eqh_enable&quot;:false}\">\n\t\t\t\t\t<div class=\"e-con-inner\">\n\t\t\t\t<div class=\"elementor-element elementor-element-c84d66a elementor-widget elementor-widget-spacer\" data-id=\"c84d66a\" data-element_type=\"widget\" data-e-type=\"widget\" data-widget_type=\"spacer.default\">\n\t\t\t\t<div class=\"elementor-widget-container\">\n\t\t\t\t\t\t\t<div class=\"elementor-spacer\">\n\t\t\t<div class=\"elementor-spacer-inner\"><\/div>\n\t\t<\/div>\n\t\t\t\t\t\t<\/div>\n\t\t\t\t<\/div>\n\t\t\t\t<div class=\"elementor-element elementor-element-75a76ccf elementor-widget elementor-widget-text-editor\" data-id=\"75a76ccf\" data-element_type=\"widget\" data-e-type=\"widget\" data-widget_type=\"text-editor.default\">\n\t\t\t\t<div class=\"elementor-widget-container\">\n\t\t\t\t\t\t\t\t\t<!DOCTYPE html>\n<html lang=\"es\">\n<head>\n    <meta charset=\"UTF-8\">\n    <meta name=\"viewport\" content=\"width=device-width, initial-scale=1.0\">\n    <title>Aviso de Privacidad<\/title>\n    <style>\n        body {\n            font-family: Arial, sans-serif;\n            line-height: 1.6;\n            margin: 20px;\n            color: #333;\n            background-color: #f4f4f4;\n        }\n        .container {\n            max-width: 800px;\n            margin: auto;\n            background: white;\n            padding: 20px;\n            border-radius: 10px;\n            box-shadow: 0 0 10px rgba(0, 0, 0, 0.1);\n        }\n        h1 {\n            text-align: center;\n            color: #4CAF50;\n        }\n        h2 {\n            color: #333;\n            font-size: 1.2em;\n        }\n        p {\n            text-align: justify;\n        }\n        .highlight {\n            font-weight: bold;\n            color: #4CAF50;\n        }\n        .contact-info {\n            margin-top: 20px;\n            padding: 10px;\n            background-color: #f9f9f9;\n            border-left: 5px solid #4CAF50;\n        }\n        .contact-info p {\n            margin: 0;\n        }\n        .checkbox {\n            margin: 15px 0;\n        }\n        .last-updated {\n            text-align: right;\n            font-size: 0.9em;\n            color: #666;\n        }\n    <\/style>\n<\/head>\n<body>\n    <div class=\"container\">\n        <h1>Aviso de Privacidad<\/h1>\n        <p>\n            <span class=\"highlight\">Administraciones Luasa S de RL de CV<\/span>, mejor conocido como \n            <span class=\"highlight\">Ahorramasgas, Adagas<\/span>, con domicilio en calle Itzamal mz 373 lt 2, \n            colonia El Tikal, ciudad Cuautitl\u00e1n Izcalli, municipio o delegaci\u00f3n Cuautitl\u00e1n Izcalli, \n            c.p. 54765, en la entidad de Estado de M\u00e9xico, pa\u00eds M\u00e9xico, y portal de internet \n            <a href=\"http:\/\/www.ahorramasgas.com\" target=\"_blank\">www.ahorramasgas.com<\/a>, \n            es el responsable del uso y protecci\u00f3n de sus datos personales, y al respecto le informamos lo siguiente:\n        <\/p>\n\n        <h2>\u00bfPara qu\u00e9 fines utilizaremos sus datos personales?<\/h2>\n        <p>\n            De manera adicional, utilizaremos su informaci\u00f3n personal para las siguientes finalidades \n            secundarias que no son necesarias para el servicio solicitado, pero que nos permiten y facilitan \n            brindarle una mejor atenci\u00f3n: servicio\n        <\/p>\n\n        <p class=\"checkbox\">\n            <label>\n                <input type=\"checkbox\"> No consiento que mis datos personales se utilicen para los siguientes fines: servicio\n            <\/label>\n        <\/p>\n\n        <p>\n            La negativa para el uso de sus datos personales para estas finalidades no podr\u00e1 ser un motivo para \n            que le neguemos los servicios y productos que solicita o contrata con nosotros.\n        <\/p>\n\n        <h2>\u00bfQu\u00e9 datos personales utilizaremos para estos fines?<\/h2>\n        <p>\n            Para llevar a cabo las finalidades descritas en el presente aviso de privacidad, utilizaremos los \n            siguientes datos personales:\n        <\/p>\n        <ul>\n            <li>Nombre<\/li>\n            <li>Registro Federal de Contribuyentes (RFC)<\/li>\n            <li>Clave \u00danica de Registro de Poblaci\u00f3n (CURP)<\/li>\n            <li>Domicilio<\/li>\n            <li>Tel\u00e9fono celular<\/li>\n            <li>Correo electr\u00f3nico<\/li>\n        <\/ul>\n\n        <h2>\u00bfC\u00f3mo puede acceder, rectificar o cancelar sus datos personales, u oponerse a su uso?<\/h2>\n        <p>\n            Usted tiene derecho a conocer qu\u00e9 datos personales tenemos de usted, para qu\u00e9 los utilizamos y las \n            condiciones del uso que les damos (Acceso). Asimismo, es su derecho solicitar la correcci\u00f3n de su \n            informaci\u00f3n personal en caso de que est\u00e9 desactualizada, sea inexacta o incompleta (Rectificaci\u00f3n); \n            que la eliminemos de nuestros registros o bases de datos cuando considere que la misma no est\u00e1 siendo \n            utilizada adecuadamente (Cancelaci\u00f3n); as\u00ed como oponerse al uso de sus datos personales para fines \n            espec\u00edficos (Oposici\u00f3n). Estos derechos se conocen como derechos ARCO.\n        <\/p>\n\n        <div class=\"contact-info\">\n            <p>Para el ejercicio de cualquiera de los derechos ARCO, usted deber\u00e1 presentar la solicitud \n            respectiva a trav\u00e9s del siguiente medio:<\/p>\n            <p><strong>Correo electr\u00f3nico:<\/strong> serviciosadagas@gmail.com<\/p>\n        <\/div>\n\n        <h2>\u00bfC\u00f3mo puede limitar el uso o divulgaci\u00f3n de su informaci\u00f3n personal?<\/h2>\n        <p>\n            Con objeto de que usted pueda limitar el uso y divulgaci\u00f3n de su informaci\u00f3n personal, le ofrecemos \n            los siguientes medios:\n        <\/p>\n        <p><strong>Correo electr\u00f3nico:<\/strong> serviciosadagas@gmail.com<\/p>\n\n        <h2>\u00bfC\u00f3mo puede conocer los cambios en este aviso de privacidad?<\/h2>\n        <p>\n            El presente aviso de privacidad puede sufrir modificaciones, cambios o actualizaciones derivadas de \n            nuevos requerimientos legales; de nuestras propias necesidades por los productos o servicios que \n            ofrecemos; de nuestras pr\u00e1cticas de privacidad; de cambios en nuestro modelo de negocio, o por otras \n            causas. Nos comprometemos a mantenerlo informado sobre los cambios que pueda sufrir el presente aviso \n            de privacidad, a trav\u00e9s de:\n        <\/p>\n        <p><strong>Correo electr\u00f3nico:<\/strong> serviciosadagas@gmail.com<\/p>\n\n        <p class=\"last-updated\">\u00daltima actualizaci\u00f3n: 15\/11\/2023<\/p>\n    <\/div>\n<\/body>\n<\/html>\n\t\t\t\t\t\t\t\t<\/div>\n\t\t\t\t<\/div>\n\t\t\t\t\t<\/div>\n\t\t\t\t<\/div>\n\t\t\t\t<\/div>\n\t\t","protected":false},"excerpt":{"rendered":"<p>Aviso de Privacidad Aviso de Privacidad Administraciones Luasa S de RL de CV, mejor conocido como Ahorramasgas, Adagas, con domicilio [&hellip;]<\/p>\n","protected":false},"author":1,"featured_media":0,"parent":0,"menu_order":0,"comment_status":"closed","ping_status":"open","template":"","meta":{"site-sidebar-layout":"default","site-content-layout":"","ast-site-content-layout":"default","site-content-style":"default","site-sidebar-style":"default","ast-global-header-display":"","ast-banner-title-visibility":"","ast-main-header-display":"","ast-hfb-above-header-display":"","ast-hfb-below-header-display":"","ast-hfb-mobile-header-display":"","site-post-title":"","ast-breadcrumbs-content":"","ast-featured-img":"","footer-sml-layout":"","ast-disable-related-posts":"","theme-transparent-header-meta":"","adv-header-id-meta":"","stick-header-meta":"","header-above-stick-meta":"","header-main-stick-meta":"","header-below-stick-meta":"","astra-migrate-meta-layouts":"default","ast-page-background-enabled":"default","ast-page-background-meta":{"desktop":{"background-color":"var(--ast-global-color-4)","background-image":"","background-repeat":"repeat","background-position":"center center","background-size":"auto","background-attachment":"scroll","background-type":"","background-media":"","overlay-type":"","overlay-color":"","overlay-opacity":"","overlay-gradient":""},"tablet":{"background-color":"","background-image":"","background-repeat":"repeat","background-position":"center center","background-size":"auto","background-attachment":"scroll","background-type":"","background-media":"","overlay-type":"","overlay-color":"","overlay-opacity":"","overlay-gradient":""},"mobile":{"background-color":"","background-image":"","background-repeat":"repeat","background-position":"center center","background-size":"auto","background-attachment":"scroll","background-type":"","background-media":"","overlay-type":"","overlay-color":"","overlay-opacity":"","overlay-gradient":""}},"ast-content-background-meta":{"desktop":{"background-color":"var(--ast-global-color-5)","background-image":"","background-repeat":"repeat","background-position":"center center","background-size":"auto","background-attachment":"scroll","background-type":"","background-media":"","overlay-type":"","overlay-color":"","overlay-opacity":"","overlay-gradient":""},"tablet":{"background-color":"var(--ast-global-color-5)","background-image":"","background-repeat":"repeat","background-position":"center center","background-size":"auto","background-attachment":"scroll","background-type":"","background-media":"","overlay-type":"","overlay-color":"","overlay-opacity":"","overlay-gradient":""},"mobile":{"background-color":"var(--ast-global-color-5)","background-image":"","background-repeat":"repeat","background-position":"center center","background-size":"auto","background-attachment":"scroll","background-type":"","background-media":"","overlay-type":"","overlay-color":"","overlay-opacity":"","overlay-gradient":""}},"_joinchat":[],"footnotes":""},"class_list":["post-3","page","type-page","status-publish","hentry"],"_links":{"self":[{"href":"https:\/\/ahorramasgas.com\/index.php\/wp-json\/wp\/v2\/pages\/3","targetHints":{"allow":["GET"]}}],"collection":[{"href":"https:\/\/ahorramasgas.com\/index.php\/wp-json\/wp\/v2\/pages"}],"about":[{"href":"https:\/\/ahorramasgas.com\/index.php\/wp-json\/wp\/v2\/types\/page"}],"author":[{"embeddable":true,"href":"https:\/\/ahorramasgas.com\/index.php\/wp-json\/wp\/v2\/users\/1"}],"replies":[{"embeddable":true,"href":"https:\/\/ahorramasgas.com\/index.php\/wp-json\/wp\/v2\/comments?post=3"}],"version-history":[{"count":9,"href":"https:\/\/ahorramasgas.com\/index.php\/wp-json\/wp\/v2\/pages\/3\/revisions"}],"predecessor-version":[{"id":1235,"href":"https:\/\/ahorramasgas.com\/index.php\/wp-json\/wp\/v2\/pages\/3\/revisions\/1235"}],"wp:attachment":[{"href":"https:\/\/ahorramasgas.com\/index.php\/wp-json\/wp\/v2\/media?parent=3"}],"curies":[{"name":"wp","href":"https:\/\/api.w.org\/{rel}","templated":true}]}}