{"id":1092,"date":"2024-08-30T17:26:04","date_gmt":"2024-08-30T17:26:04","guid":{"rendered":"https:\/\/ahorramasgas.com\/?page_id=1092"},"modified":"2024-10-25T16:27:09","modified_gmt":"2024-10-25T16:27:09","slug":"blog","status":"publish","type":"page","link":"https:\/\/ahorramasgas.com\/index.php\/blog\/","title":{"rendered":"Blog"},"content":{"rendered":"\t\t<div data-elementor-type=\"wp-page\" data-elementor-id=\"1092\" class=\"elementor elementor-1092\" data-elementor-settings=\"{&quot;ha_cmc_init_switcher&quot;:&quot;no&quot;}\" data-elementor-post-type=\"page\">\n\t\t\t\t<div class=\"elementor-element elementor-element-d0894c0 e-con-full e-flex e-con e-parent\" data-id=\"d0894c0\" data-element_type=\"container\" data-e-type=\"container\" data-settings=\"{&quot;_ha_eqh_enable&quot;:false}\">\n\t\t\t\t<div class=\"elementor-element elementor-element-81b5b2b elementor-widget elementor-widget-spacer\" data-id=\"81b5b2b\" data-element_type=\"widget\" data-e-type=\"widget\" data-widget_type=\"spacer.default\">\n\t\t\t\t<div class=\"elementor-widget-container\">\n\t\t\t\t\t\t\t<div class=\"elementor-spacer\">\n\t\t\t<div class=\"elementor-spacer-inner\"><\/div>\n\t\t<\/div>\n\t\t\t\t\t\t<\/div>\n\t\t\t\t<\/div>\n\t\t<div class=\"elementor-element elementor-element-bd0304d e-con-full e-flex e-con e-child\" data-id=\"bd0304d\" data-element_type=\"container\" data-e-type=\"container\" data-settings=\"{&quot;_ha_eqh_enable&quot;:false}\">\n\t\t\t\t<div class=\"elementor-element elementor-element-c87b342 elementor-widget elementor-widget-heading\" data-id=\"c87b342\" data-element_type=\"widget\" data-e-type=\"widget\" data-widget_type=\"heading.default\">\n\t\t\t\t<div class=\"elementor-widget-container\">\n\t\t\t\t\t<h2 class=\"elementor-heading-title elementor-size-default\"><a href=\"https:\/\/ahorramasgas.com\/index.php\/elementor-1077\/\">Agregar Publicaci\u00f3n<\/a><\/h2>\t\t\t\t<\/div>\n\t\t\t\t<\/div>\n\t\t\t\t<div class=\"elementor-element elementor-element-f732bb3 elementor-view-default elementor-widget elementor-widget-icon\" data-id=\"f732bb3\" data-element_type=\"widget\" data-e-type=\"widget\" data-widget_type=\"icon.default\">\n\t\t\t\t<div class=\"elementor-widget-container\">\n\t\t\t\t\t\t\t<div class=\"elementor-icon-wrapper\">\n\t\t\t<a class=\"elementor-icon\" href=\"https:\/\/ahorramasgas.com\/index.php\/elementor-1077\/\">\n\t\t\t<svg aria-hidden=\"true\" class=\"e-font-icon-svg e-fas-plus-circle\" viewBox=\"0 0 512 512\" xmlns=\"http:\/\/www.w3.org\/2000\/svg\"><path d=\"M256 8C119 8 8 119 8 256s111 248 248 248 248-111 248-248S393 8 256 8zm144 276c0 6.6-5.4 12-12 12h-92v92c0 6.6-5.4 12-12 12h-56c-6.6 0-12-5.4-12-12v-92h-92c-6.6 0-12-5.4-12-12v-56c0-6.6 5.4-12 12-12h92v-92c0-6.6 5.4-12 12-12h56c6.6 0 12 5.4 12 12v92h92c6.6 0 12 5.4 12 12v56z\"><\/path><\/svg>\t\t\t<\/a>\n\t\t<\/div>\n\t\t\t\t\t\t<\/div>\n\t\t\t\t<\/div>\n\t\t\t\t<\/div>\n\t\t\t\t<div class=\"elementor-element elementor-element-2615806 elementor-widget elementor-widget-shortcode\" data-id=\"2615806\" data-element_type=\"widget\" data-e-type=\"widget\" data-widget_type=\"shortcode.default\">\n\t\t\t\t<div class=\"elementor-widget-container\">\n\t\t\t\t\t\t\t<div class=\"elementor-shortcode\"><style>.wp-show-posts-columns#wpsp-1075 {margin-left: -2em; }.wp-show-posts-columns#wpsp-1075 .wp-show-posts-inner {margin: 0 0 2em 2em; }<\/style><section id=\"wpsp-1075\" class=\" wp-show-posts-columns wp-show-posts\" style=\"\"><article class=\" wp-show-posts-single post-1849 post type-post status-publish format-standard has-post-thumbnail hentry category-uncategorized wpsp-col-6\" itemtype=\"http:\/\/schema.org\/CreativeWork\" itemscope><div class=\"wp-show-posts-inner\" style=\"\">\t\t\t\t\t\t<header class=\"wp-show-posts-entry-header\">\n\t\t\t\t\t\t\t<h3 class=\"wp-show-posts-entry-title\" itemprop=\"headline\"><a href=\"https:\/\/ahorramasgas.com\/index.php\/2024\/11\/11\/comparte-y-gana\/\" rel=\"bookmark\">COMPARTE Y GANA.<\/a><\/h3><div class=\"wp-show-posts-entry-meta wp-show-posts-entry-meta-below-title post-meta-inline\"><span class=\"wp-show-posts-posted-on wp-show-posts-meta\">\n\t\t\t\t\t<a href=\"https:\/\/ahorramasgas.com\/index.php\/2024\/11\/11\/comparte-y-gana\/\" title=\"9:56 pm\" rel=\"bookmark\"><time class=\"wp-show-posts-entry-date published\" datetime=\"2024-11-11T21:56:18+00:00\" itemprop=\"datePublished\">noviembre 11, 2024<\/time><\/a>\n\t\t\t\t<\/span><\/div>\t\t\t\t\t\t<\/header><!-- .entry-header -->\n\t\t\t\t\t\t\t<div class=\"wp-show-posts-image  wpsp-image-left \">\n\t\t\t<a href=\"https:\/\/ahorramasgas.com\/index.php\/2024\/11\/11\/comparte-y-gana\/\"  title=\"COMPARTE Y GANA.\">\t\t\t\t\t<img decoding=\"async\" src=\"https:\/\/ahorramasgas.com\/wp-content\/uploads\/2024\/11\/mexican-pesos-916208_1280-1024x680-1-150x150.jpg\" alt=\"COMPARTE Y GANA.\" itemprop=\"image\" class=\"left\" \/>\n\t\t\t\t<\/a>\t\t<\/div>\n\t\t\t\t\t\t\t\t<div class=\"wp-show-posts-entry-summary\" itemprop=\"text\">\n\t\t\t\t\t\t\t<p>En ahorramas gas \/ Adagas. Queremos que ganes por compartir nuestro enlace: https:\/\/ahorramasgas.com\/ y siguenos en nuestras redes sociales. Envia captura de pantalla a\u00a0 nuestro whatsapp, de que compartiste nuestro&#8230;<\/p>\n\t\t\t\t\t\t<\/div><!-- .entry-summary -->\n\t\t\t\t\t<div class=\"wpsp-read-more\"><a title=\"COMPARTE Y GANA.\" class=\"wp-show-posts-read-more\" href=\"https:\/\/ahorramasgas.com\/index.php\/2024\/11\/11\/comparte-y-gana\/\">Art\u00edculo Completo<\/a><\/div><\/div><!-- wp-show-posts-inner --><\/article><article class=\" wp-show-posts-single post-1156 post type-post status-publish format-standard has-post-thumbnail hentry category-uncategorized wpsp-col-6\" itemtype=\"http:\/\/schema.org\/CreativeWork\" itemscope><div class=\"wp-show-posts-inner\" style=\"\">\t\t\t\t\t\t<header class=\"wp-show-posts-entry-header\">\n\t\t\t\t\t\t\t<h3 class=\"wp-show-posts-entry-title\" itemprop=\"headline\"><a href=\"https:\/\/ahorramasgas.com\/index.php\/2024\/08\/30\/pasos-previos-a-la-instalacion-de-tu-tanque-estacionario\/\" rel=\"bookmark\">Pasos previos a la instalaci\u00f3n de tu tanque estacionario<\/a><\/h3><div class=\"wp-show-posts-entry-meta wp-show-posts-entry-meta-below-title post-meta-inline\"><span class=\"wp-show-posts-posted-on wp-show-posts-meta\">\n\t\t\t\t\t<a href=\"https:\/\/ahorramasgas.com\/index.php\/2024\/08\/30\/pasos-previos-a-la-instalacion-de-tu-tanque-estacionario\/\" title=\"6:18 pm\" rel=\"bookmark\"><time class=\"wp-show-posts-entry-date published\" datetime=\"2024-08-30T18:18:26+00:00\" itemprop=\"datePublished\">agosto 30, 2024<\/time><time class=\"wp-show-posts-updated\" datetime=\"2024-08-30T18:23:07+00:00\" itemprop=\"dateModified\">agosto 30, 2024<\/time><\/a>\n\t\t\t\t<\/span><\/div>\t\t\t\t\t\t<\/header><!-- .entry-header -->\n\t\t\t\t\t\t\t<div class=\"wp-show-posts-image  wpsp-image-left \">\n\t\t\t<a href=\"https:\/\/ahorramasgas.com\/index.php\/2024\/08\/30\/pasos-previos-a-la-instalacion-de-tu-tanque-estacionario\/\"  title=\"Pasos previos a la instalaci\u00f3n de tu tanque estacionario\">\t\t\t\t\t<img decoding=\"async\" src=\"https:\/\/ahorramasgas.com\/wp-content\/uploads\/2024\/08\/51bb26012_blog_-150x150.jpg\" alt=\"Pasos previos a la instalaci\u00f3n de tu tanque estacionario\" itemprop=\"image\" class=\"left\" \/>\n\t\t\t\t<\/a>\t\t<\/div>\n\t\t\t\t\t\t\t\t<div class=\"wp-show-posts-entry-summary\" itemprop=\"text\">\n\t\t\t\t\t\t\t<p>El primer paso para preparar la instalaci\u00f3n de tu tanque estacionario es conocer la normativa local. Las leyes y regulaciones pueden variar considerablemente dependiendo de la ubicaci\u00f3n, afectando factores como&#8230;<\/p>\n\t\t\t\t\t\t<\/div><!-- .entry-summary -->\n\t\t\t\t\t<div class=\"wpsp-read-more\"><a title=\"Pasos previos a la instalaci\u00f3n de tu tanque estacionario\" class=\"wp-show-posts-read-more\" href=\"https:\/\/ahorramasgas.com\/index.php\/2024\/08\/30\/pasos-previos-a-la-instalacion-de-tu-tanque-estacionario\/\">Art\u00edculo Completo<\/a><\/div><\/div><!-- wp-show-posts-inner --><\/article><article class=\" wp-show-posts-single post-1153 post type-post status-publish format-standard has-post-thumbnail hentry category-uncategorized wpsp-col-6\" itemtype=\"http:\/\/schema.org\/CreativeWork\" itemscope><div class=\"wp-show-posts-inner\" style=\"\">\t\t\t\t\t\t<header class=\"wp-show-posts-entry-header\">\n\t\t\t\t\t\t\t<h3 class=\"wp-show-posts-entry-title\" itemprop=\"headline\"><a href=\"https:\/\/ahorramasgas.com\/index.php\/2024\/08\/30\/tu-tanque-estacionario-con-una-instalacion-adecuada-de-gas-lp\/\" rel=\"bookmark\">Tu tanque estacionario con una instalaci\u00f3n adecuada de Gas LP.<\/a><\/h3><div class=\"wp-show-posts-entry-meta wp-show-posts-entry-meta-below-title post-meta-inline\"><span class=\"wp-show-posts-posted-on wp-show-posts-meta\">\n\t\t\t\t\t<a href=\"https:\/\/ahorramasgas.com\/index.php\/2024\/08\/30\/tu-tanque-estacionario-con-una-instalacion-adecuada-de-gas-lp\/\" title=\"6:16 pm\" rel=\"bookmark\"><time class=\"wp-show-posts-entry-date published\" datetime=\"2024-08-30T18:16:04+00:00\" itemprop=\"datePublished\">agosto 30, 2024<\/time><time class=\"wp-show-posts-updated\" datetime=\"2024-08-30T18:23:36+00:00\" itemprop=\"dateModified\">agosto 30, 2024<\/time><\/a>\n\t\t\t\t<\/span><\/div>\t\t\t\t\t\t<\/header><!-- .entry-header -->\n\t\t\t\t\t\t\t<div class=\"wp-show-posts-image  wpsp-image-left \">\n\t\t\t<a href=\"https:\/\/ahorramasgas.com\/index.php\/2024\/08\/30\/tu-tanque-estacionario-con-una-instalacion-adecuada-de-gas-lp\/\"  title=\"Tu tanque estacionario con una instalaci\u00f3n adecuada de Gas LP.\">\t\t\t\t\t<img decoding=\"async\" src=\"https:\/\/ahorramasgas.com\/wp-content\/uploads\/2024\/08\/Tamanos-de-tanques-estacionarios-para-elegir-el-que-te-corresponda-1080x675-150x150.jpg\" alt=\"Tu tanque estacionario con una instalaci\u00f3n adecuada de Gas LP.\" itemprop=\"image\" class=\"left\" \/>\n\t\t\t\t<\/a>\t\t<\/div>\n\t\t\t\t\t\t\t\t<div class=\"wp-show-posts-entry-summary\" itemprop=\"text\">\n\t\t\t\t\t\t\t<p>Instalar un tanque estacionario de Gas LP exige precisi\u00f3n t\u00e9cnica y un firme compromiso con la seguridad. Como un componente vital en hogares y negocios, su correcta instalaci\u00f3n no es&#8230;<\/p>\n\t\t\t\t\t\t<\/div><!-- .entry-summary -->\n\t\t\t\t\t<div class=\"wpsp-read-more\"><a title=\"Tu tanque estacionario con una instalaci\u00f3n adecuada de Gas LP.\" class=\"wp-show-posts-read-more\" href=\"https:\/\/ahorramasgas.com\/index.php\/2024\/08\/30\/tu-tanque-estacionario-con-una-instalacion-adecuada-de-gas-lp\/\">Art\u00edculo Completo<\/a><\/div><\/div><!-- wp-show-posts-inner --><\/article><div class=\"wpsp-clear\"><\/div><\/section><!-- .wp-show-posts --><\/div>\n\t\t\t\t\t\t<\/div>\n\t\t\t\t<\/div>\n\t\t\t\t<\/div>\n\t\t\t\t<\/div>\n\t\t<p><a href=\"https:\/\/ahorramasgas.com\/wp-content\/uploads\/2024\/08\/Tamanos-de-tanques-estacionarios-para-elegir-el-que-te-corresponda-1080x675.jpg\"><img decoding=\"async\" src=\"https:\/\/ahorramasgas.com\/wp-content\/uploads\/2024\/08\/Tamanos-de-tanques-estacionarios-para-elegir-el-que-te-corresponda-1080x675-150x150.jpg\" width=\"150\" height=\"150\" alt=\"Tamanos-de-tanques-estacionarios-para-elegir-el-que-te-corresponda-1080x675.jpg\" style=\"display:inline-block\"><\/a> <\/p>","protected":false},"excerpt":{"rendered":"<p>Agregar Publicaci\u00f3n<\/p>\n","protected":false},"author":1,"featured_media":0,"parent":0,"menu_order":0,"comment_status":"closed","ping_status":"closed","template":"","meta":{"site-sidebar-layout":"no-sidebar","site-content-layout":"","ast-site-content-layout":"full-width-container","site-content-style":"default","site-sidebar-style":"default","ast-global-header-display":"","ast-banner-title-visibility":"","ast-main-header-display":"","ast-hfb-above-header-display":"","ast-hfb-below-header-display":"","ast-hfb-mobile-header-display":"","site-post-title":"disabled","ast-breadcrumbs-content":"","ast-featured-img":"disabled","footer-sml-layout":"","ast-disable-related-posts":"","theme-transparent-header-meta":"","adv-header-id-meta":"","stick-header-meta":"","header-above-stick-meta":"","header-main-stick-meta":"","header-below-stick-meta":"","astra-migrate-meta-layouts":"default","ast-page-background-enabled":"default","ast-page-background-meta":{"desktop":{"background-color":"var(--ast-global-color-4)","background-image":"","background-repeat":"repeat","background-position":"center center","background-size":"auto","background-attachment":"scroll","background-type":"","background-media":"","overlay-type":"","overlay-color":"","overlay-opacity":"","overlay-gradient":""},"tablet":{"background-color":"","background-image":"","background-repeat":"repeat","background-position":"center center","background-size":"auto","background-attachment":"scroll","background-type":"","background-media":"","overlay-type":"","overlay-color":"","overlay-opacity":"","overlay-gradient":""},"mobile":{"background-color":"","background-image":"","background-repeat":"repeat","background-position":"center center","background-size":"auto","background-attachment":"scroll","background-type":"","background-media":"","overlay-type":"","overlay-color":"","overlay-opacity":"","overlay-gradient":""}},"ast-content-background-meta":{"desktop":{"background-color":"var(--ast-global-color-5)","background-image":"","background-repeat":"repeat","background-position":"center center","background-size":"auto","background-attachment":"scroll","background-type":"","background-media":"","overlay-type":"","overlay-color":"","overlay-opacity":"","overlay-gradient":""},"tablet":{"background-color":"var(--ast-global-color-5)","background-image":"","background-repeat":"repeat","background-position":"center center","background-size":"auto","background-attachment":"scroll","background-type":"","background-media":"","overlay-type":"","overlay-color":"","overlay-opacity":"","overlay-gradient":""},"mobile":{"background-color":"var(--ast-global-color-5)","background-image":"","background-repeat":"repeat","background-position":"center center","background-size":"auto","background-attachment":"scroll","background-type":"","background-media":"","overlay-type":"","overlay-color":"","overlay-opacity":"","overlay-gradient":""}},"_joinchat":[],"footnotes":""},"class_list":["post-1092","page","type-page","status-publish","hentry"],"_links":{"self":[{"href":"https:\/\/ahorramasgas.com\/index.php\/wp-json\/wp\/v2\/pages\/1092","targetHints":{"allow":["GET"]}}],"collection":[{"href":"https:\/\/ahorramasgas.com\/index.php\/wp-json\/wp\/v2\/pages"}],"about":[{"href":"https:\/\/ahorramasgas.com\/index.php\/wp-json\/wp\/v2\/types\/page"}],"author":[{"embeddable":true,"href":"https:\/\/ahorramasgas.com\/index.php\/wp-json\/wp\/v2\/users\/1"}],"replies":[{"embeddable":true,"href":"https:\/\/ahorramasgas.com\/index.php\/wp-json\/wp\/v2\/comments?post=1092"}],"version-history":[{"count":16,"href":"https:\/\/ahorramasgas.com\/index.php\/wp-json\/wp\/v2\/pages\/1092\/revisions"}],"predecessor-version":[{"id":1797,"href":"https:\/\/ahorramasgas.com\/index.php\/wp-json\/wp\/v2\/pages\/1092\/revisions\/1797"}],"wp:attachment":[{"href":"https:\/\/ahorramasgas.com\/index.php\/wp-json\/wp\/v2\/media?parent=1092"}],"curies":[{"name":"wp","href":"https:\/\/api.w.org\/{rel}","templated":true}]}}